{"id":317,"date":"2012-01-19T00:00:00","date_gmt":"2012-01-18T23:00:00","guid":{"rendered":"http:\/\/f.kokein.com\/correo_08_08_03\/"},"modified":"2016-10-25T16:47:42","modified_gmt":"2016-10-25T15:47:42","slug":"correo_08_08_03","status":"publish","type":"page","link":"https:\/\/kokein.com\/en\/hemeroteka\/correo_08_08_03\/","title":{"rendered":"Kokein. En vivo"},"content":{"rendered":"<p>**El ahora quintento eibarr\u00e9s anima el verano a base de rock de los 90 **<\/p>\n<p><img loading=\"lazy\" decoding=\"async\" src=\"kokein.jpg\" align=\"right\" height=\"150\" width=\"229\"><br \/>\nEste quinteto eibarr\u00e9s con chica (guapa) al frente es uno de los que m\u00e1s est\u00e1 actuando en el est\u00edo euskaldun. \u00abDesde que el disco sali\u00f3 a la calle, para Durango, en noviembre, hemos dado unos 40 conciertos -contabiliza Aritz, el bater\u00eda-. Vamos a seguir as\u00ed hasta finales de a\u00f1o.La carretera ayuda bastante. Antes no nos ve\u00edamos con tanta soltura y ahora ya hemos hecho el rodaje\u00bb.<br \/>\nEl portavoz comenta que estos bolos por la geograf\u00eda vasca evolucionan en gradaci\u00f3n. \u00abMucha gente empieza a verlos con un punto de incertidumbre, pero el repertorio va de menos a m\u00e1s y, al final, la gente disfruta tanto como nosotros\u00bb.<\/p>\n<p>Kokein se formaron en Eibar en 1999 y ahora promedian 27 a\u00f1os. Tres de sus miembros funcionaron como grupo de acompa\u00f1amiento del cantautor Markos Untzeta. Luego, continuaron a su bola con influencias reconocidas, tipo Pearl Jam e Incubus. Y con la entrada en marzo a la segunda guitarra de Aintzira Gorosabel (hermana de la pe\u00f1a de EH Sukarra y Su Ta Gar) ha quedado completada una alineaci\u00f3n con experiencia previa en bandas como Luther (heavy metal), Ehun Kilo (heavy), Kukka (pop de c\u00e1mara), Tubabu (percusi\u00f3n africana) y Kafha (thrash).<\/p>\n<p>Se bautizaron Kokein sin darle muchas vueltas -\u00absonaba bien y lo relacion\u00e1bamos con Eric Clapton y J.J. Cale\u00bb-, grabaron una maqueta y ficharon por Gaztelupeko. \u00abNos recibieron con los brazos abiertos, de buen rollo\u00bb.<\/p>\n<p>Y aqu\u00ed han editado el mini CD hom\u00f3nimo. \u00abDeb\u00edamos presentarnos de alguna manera. Ten\u00edamos diecis\u00e9is temas, pero en vez de ir a lo loco en un CD, decidimos sacar algo m\u00e1s \u2018txiki\u2019. Elegimos seis canciones, las curramos y modificamos con Rafa Rueda, de PiLT, y nos hemos quedado bastante a gusto\u00bb. El repertorio trae ecos de Sorkun, Cranberries, U2, baladas de rock alternativo comercial de los 90, los marasmos de raigambre doom, orientalismos v\u00eda Pearl Jam y ambientes pop. Cuando dejen de actuar, ya se centrar\u00e1n en el disco grande. Aritz quiere a\u00f1adir el tel\u00e9fono -627417833- y el e-mail, <A HREF=\"mailto:info@kokein.com\">info@kokein.com<\/a>. De nada.<\/p>\n","protected":false},"excerpt":{"rendered":"<p>**El ahora quintento eibarr\u00e9s anima el verano a base de rock de los 90 ** Este quinteto eibarr\u00e9s con chica (guapa) al frente es uno de los que m\u00e1s est\u00e1 actuando en el est\u00edo euskaldun. \u00abDesde que el disco sali\u00f3 a la calle, para Durango, en noviembre, hemos dado unos 40 conciertos -contabiliza Aritz, el &hellip; <\/p>\n<p class=\"link-more\"><a href=\"https:\/\/kokein.com\/en\/hemeroteka\/correo_08_08_03\/\" class=\"more-link\">Read more<span class=\"screen-reader-text\"> &#8220;Kokein. En vivo&#8221;<\/span><\/a><\/p>\n","protected":false},"author":1,"featured_media":0,"parent":327,"menu_order":0,"comment_status":"open","ping_status":"open","template":"page-templates\/page_fullwidth.php","meta":{"footnotes":""},"class_list":["post-317","page","type-page","status-publish","hentry"],"_links":{"self":[{"href":"https:\/\/kokein.com\/en\/wp-json\/wp\/v2\/pages\/317","targetHints":{"allow":["GET"]}}],"collection":[{"href":"https:\/\/kokein.com\/en\/wp-json\/wp\/v2\/pages"}],"about":[{"href":"https:\/\/kokein.com\/en\/wp-json\/wp\/v2\/types\/page"}],"author":[{"embeddable":true,"href":"https:\/\/kokein.com\/en\/wp-json\/wp\/v2\/users\/1"}],"replies":[{"embeddable":true,"href":"https:\/\/kokein.com\/en\/wp-json\/wp\/v2\/comments?post=317"}],"version-history":[{"count":1,"href":"https:\/\/kokein.com\/en\/wp-json\/wp\/v2\/pages\/317\/revisions"}],"predecessor-version":[{"id":337,"href":"https:\/\/kokein.com\/en\/wp-json\/wp\/v2\/pages\/317\/revisions\/337"}],"up":[{"embeddable":true,"href":"https:\/\/kokein.com\/en\/wp-json\/wp\/v2\/pages\/327"}],"wp:attachment":[{"href":"https:\/\/kokein.com\/en\/wp-json\/wp\/v2\/media?parent=317"}],"curies":[{"name":"wp","href":"https:\/\/api.w.org\/{rel}","templated":true}]}}