{"id":319,"date":"2012-01-19T00:00:00","date_gmt":"2012-01-18T23:00:00","guid":{"rendered":"http:\/\/f.kokein.com\/la-factoria-del-ritmo-2005-01-27\/"},"modified":"2016-10-25T16:47:45","modified_gmt":"2016-10-25T15:47:45","slug":"la-factoria-del-ritmo-2005-01-27","status":"publish","type":"page","link":"https:\/\/kokein.com\/en\/hemeroteka\/la-factoria-del-ritmo-2005-01-27\/","title":{"rendered":"LA FACTORIA DEL RITMO Un Caudal De Energia"},"content":{"rendered":"<p>Si te gusta el rock independiente no te pierdas a Kokein, un quinteto vasco que vive de mil fuentes y las transforma en un torrente de energ\u00eda elegante, atrevido e inquieto.<\/p>\n<p>Txitxes e Iker se encargan de las guitarras, Jatsu del bajo, Lete de la bater\u00eda y la bonita voz femenina de Zaloa se encarga de las interpretaciones vocales.  Tienen editados dos trabajos. El primero de ellos es el EP Kokein y el segundo de ellos es su \u00e1lbum debut: Lotuta Egon Arren. En ambos han contado con la ayuda de Rafa Rueda, de PILT, en las labores de producci\u00f3n.<\/p>\n<p>**\u00bfCu\u00e1ndo y bajo que circunstancias nace Kokein? \u00bfVen\u00edais de experiencias anteriores?**<\/p>\n<p>Kokein surgi\u00f3 despu\u00e9s de que Jatsu, Txitxes y Zaloa colaborar\u00e1n en la maqueta de un cantautor eibarr\u00e9s como banda. Vieron que ten\u00edan ganas para juntarse por su cuenta y decidieron seguir. A ra\u00edz de esta experiencia se les uni\u00f3 Fory (bateria de Storbais), el cual estuvo durante un a\u00f1o en el grupo. Fory dej\u00f3 el grupo y Lete pas\u00f3 a la bateria. Hasta entonces hab\u00edamos estado en grupos como Luther, Ehun Kilo, Kukka y Kafha. En el a\u00f1o 2003 Aintzira Gorosabel lleg\u00f3 a ser segunda guitarrista durante unos 6 meses pero esta abandon\u00f3 el grupo y fue cuando se form\u00f3 el quinteto que somos hoy en d\u00eda con la llegada de Iker (Julio Kageta, Dantzut, PAM).<\/p>\n<p>**Edit\u00e1steis vuestra primera grabaci\u00f3n profesional en el 2002? Pero, \u00bfqu\u00e9 nos pod\u00e9is contar de vuestras grabaciones anteriores?**<\/p>\n<p>Hasta que editamos el Ep del 2002 solamente hab\u00edamos grabado un par de maquetas pero solamente para escucharnos; nunca los pusimos en venta. Sin embargo, ten\u00edamos experiencias anteriores de grabaci\u00f3n con nuestros otros grupos.<\/p>\n<p>**\u00bfQu\u00e9 tal funcion\u00f3 el EP &#8220;Kokein&#8221;?**<\/p>\n<p>La verdad es que estamos bastante contentos teniendo en cuenta que \u00e9ramos un grupo que sal\u00eda casi de la nada. La intenci\u00f3n desde el principio era que quer\u00edamos darnos a conocer. Ten\u00edamos muchas canciones pero quisimos ofrecer una peque\u00f1a parte para ir poco a poco. Nos sirvi\u00f3 para saber qu\u00e9 camino quer\u00edamos coger y como carta de presentaci\u00f3n.<\/p>\n<p>**Por cierto? \u00bfc\u00f3mo surgi\u00f3 el fichaje por Gaztelupeko Hotsak?**<\/p>\n<p>Somos del pueblo de al lado y hab\u00edamos tenido contacto con ellos anteriormente con nuestros proyectos anteriores. Cuando grabamos la segunda maqueta les llevamos una copia y les explicamos que intenciones ten\u00edamos. Ellos se animaron y empezamos a pensar en como deb\u00eda ser la historia. Les estamos muy agradecidos por habernos brindado esa oportunidad.<\/p>\n<p>**Y ahora &#8220;Lotuta Egon Arren&#8221;, \u00bfqu\u00e9 significado tiene para la carrera de Kokein este nuevo trabajo?**<\/p>\n<p>En este disco se ve que el grupo va a m\u00e1s. Hemos crecido mucho como grupo. En el Ep todav\u00eda no ve\u00edamos el norte y nos sirvi\u00f3 para que en ?Lotuta Egon Arren? supi\u00e9ramos lo que quer\u00edamos. La entrada de Iker ha sido tambi\u00e9n importante, la base r\u00edtmica es mucho m\u00e1s s\u00f3lida. Tenemos grandes esperanzas en este trabajo, estamos muy contentos.<\/p>\n<p>**El disco lo hab\u00e9is producido vosotros mismos junto a Rafa Rueda y Xanpe, otro miembro de Pi LT, ha realizado las labores de t\u00e9cnico de sonido? \u00bfqu\u00e9 especial relaci\u00f3n ten\u00e9is con PILT?**<\/p>\n<p>Todo vino a ra\u00edz del Ep. El grupo necesitaba un conductor y esa fue la labor de Rafa Rueda, nos ayud\u00f3 a coger una direcci\u00f3n y no todas. Con Xanpe quer\u00edamos hacer todo el disco con \u00e9l, puesto que en el Ep no mezcl\u00f3. Es una persona en la que confiamos mucho. En este disco quer\u00edamos volver a repetir porque el resultado de la primera vez fue muy bueno aunque esta vez hemos participado en la producci\u00f3n. Parece que algo hemos aprendido.<\/p>\n<p>**En la hoja promocional que nos hizo llegar vuestra discogr\u00e1fica se dice &#8220;Kokein tienen de todo, cogen de aqu\u00ed y de all\u00e1, pero la mezcla de los diferentes pasajes bien combinados les convierten en una banda original&#8221;. \u00bfCu\u00e1les son vuestros grupos favoritos? \u00bfAlguna influencia reconocida?**<\/p>\n<p>\u00bfInfluencias? Much\u00edsimas. Es muy dif\u00edcil hacer un cerco cerrado pero empezando desde The Clash a Pearl Jam, de U2 a Incubus, de Markus Miller a Led Zeppelin, podr\u00edamos decir tantos grupos&#8230;.<\/p>\n<p>**Sabemos que hab\u00e9is dando una buena cantidad de conciertos? \u00bfEs f\u00e1cil conseguir conciertos en vuestra tierra? \u00bfHab\u00e9is actuado fuera del Pa\u00eds Vasco?**<\/p>\n<p>Con el Ep ?Kokein? dimos alrededor de 70 conciertos. Anduvimos pate\u00e1ndonos todo lo que consegu\u00edamos a base de llamar, escribir&#8230; En los gaztetxes, es relativamente f\u00e1cil de conseguir un concierto, pero el m\u00e9rito se lo lleva Javi nuestro m\u00e1nager. En Abril es posible que salgamos algo al estado y quiz\u00e1s en Semana Santa a Alemania.<\/p>\n<p>**\u00bfD\u00f3nde disfrut\u00e1is m\u00e1s en directo o en el estudio?**<\/p>\n<p>El estudio es m\u00e1s para estar atento y que quede todo lo mejor posible. Est\u00e1s m\u00e1s centrado. En directo hay que disfrutar, nosotros damos conciertos para disfrutar de ellos, sino no creo que lo hici\u00e9ramos.<\/p>\n<p>**\u00bfQu\u00e9 expectativas ten\u00e9is con este nuevo disco?**<\/p>\n<p>No sabemos lo que pasar\u00e1. Estamos muy satisfechos del trabajo que hemos realizado, pensamos que es un trabajo redondo y con buenas canciones. Por nuestra parte vamos a poner todas las ganas e ilusi\u00f3n del mundo aunque la suerte tambi\u00e9n es un factor importante. Esperamos que con ?Lotuta Egon Arren podamos transmitir algo a quien lo escuche, porque la m\u00fasica no es m\u00e1s que transmisi\u00f3n.<\/p>\n<p>Entrevista: F-MHop.<br \/>\nFotos por cortes\u00eda de Kokein.<br \/>\n(Fecha de publicaci\u00f3n: 27\/01\/2005)<\/p>\n","protected":false},"excerpt":{"rendered":"<p>Si te gusta el rock independiente no te pierdas a Kokein, un quinteto vasco que vive de mil fuentes y las transforma en un torrente de energ\u00eda elegante, atrevido e inquieto. Txitxes e Iker se encargan de las guitarras, Jatsu del bajo, Lete de la bater\u00eda y la bonita voz femenina de Zaloa se encarga &hellip; <\/p>\n<p class=\"link-more\"><a href=\"https:\/\/kokein.com\/en\/hemeroteka\/la-factoria-del-ritmo-2005-01-27\/\" class=\"more-link\">Read more<span class=\"screen-reader-text\"> &#8220;LA FACTORIA DEL RITMO Un Caudal De Energia&#8221;<\/span><\/a><\/p>\n","protected":false},"author":1,"featured_media":0,"parent":327,"menu_order":0,"comment_status":"open","ping_status":"open","template":"page-templates\/page_fullwidth.php","meta":{"footnotes":""},"class_list":["post-319","page","type-page","status-publish","hentry"],"_links":{"self":[{"href":"https:\/\/kokein.com\/en\/wp-json\/wp\/v2\/pages\/319","targetHints":{"allow":["GET"]}}],"collection":[{"href":"https:\/\/kokein.com\/en\/wp-json\/wp\/v2\/pages"}],"about":[{"href":"https:\/\/kokein.com\/en\/wp-json\/wp\/v2\/types\/page"}],"author":[{"embeddable":true,"href":"https:\/\/kokein.com\/en\/wp-json\/wp\/v2\/users\/1"}],"replies":[{"embeddable":true,"href":"https:\/\/kokein.com\/en\/wp-json\/wp\/v2\/comments?post=319"}],"version-history":[{"count":1,"href":"https:\/\/kokein.com\/en\/wp-json\/wp\/v2\/pages\/319\/revisions"}],"predecessor-version":[{"id":338,"href":"https:\/\/kokein.com\/en\/wp-json\/wp\/v2\/pages\/319\/revisions\/338"}],"up":[{"embeddable":true,"href":"https:\/\/kokein.com\/en\/wp-json\/wp\/v2\/pages\/327"}],"wp:attachment":[{"href":"https:\/\/kokein.com\/en\/wp-json\/wp\/v2\/media?parent=319"}],"curies":[{"name":"wp","href":"https:\/\/api.w.org\/{rel}","templated":true}]}}