{"id":321,"date":"2012-01-19T00:00:00","date_gmt":"2012-01-18T23:00:00","guid":{"rendered":"http:\/\/f.kokein.com\/diario-vasco-madurez-2005-28-01\/"},"modified":"2016-10-25T16:47:29","modified_gmt":"2016-10-25T15:47:29","slug":"diario-vasco-madurez-2005-28-01","status":"publish","type":"page","link":"https:\/\/kokein.com\/en\/hemeroteka\/diario-vasco-madurez-2005-28-01\/","title":{"rendered":"DVORAME Madurez"},"content":{"rendered":"<p>**Madurez**<\/p>\n<p>Rev\u00e1lida de los rockeros de Eibar, ahora con CD grande y un miembro m\u00e1s en el grupo. La presentan esta misma noche en la antigua Casa del Guarda del donostiarra monte Urgull<\/p>\n<p>Con un arranque m\u00e1s cl\u00e1sico y rockero que en sus inicios e igual de dispuestos a patearse medio mundo (\u00aben breve vamos a Valladolid, queremos tocar en Madrid y Barcelona y quiz\u00e1s en Semana Santa nos escapemos a probar los escenarios de Alemania\u00bb), los eibartarras Kokein regresan con \u00edmpetu juvenil y libres de amarres.<\/p>\n<p>Ganadores del oficioso t\u00edtulo de \u00abla banda que m\u00e1s tablaos y saraos se ha pateado por todo Euskadi\u00bb en el verano del 2003, los eibartarras vuelven a la palestra discogr\u00e1fica y esc\u00e9nica con once nuevas canciones de maniatado t\u00edtulo. Hab\u00edan debutado en 2002 con un mini-CD hom\u00f3nimo de 6 canciones + un v\u00eddeo, en el sello Gaztelupeko Hotsak.<\/p>\n<p>Pero no se dejen despistar por la denominaci\u00f3n de su nuevo trabajo, Lotuta egon arren (2004, Gaztelupeko Hotsak). Un disco sazonado a nivel gr\u00e1fico de manera sugerente por cuerdas y damiselas ligeras de ropa. No, el tema no va de erotismos dominantes. Los cuatro chicos y la bella chica cantarina Zaloa denominaron \u00e9ste su primer CD largo Aun estando atado porque \u00abcuando est\u00e1bamos preparando el disco ocurrieron muchas cosas: cierre de ?Egunkaria?, el desalojo del gaztetxe de Iru\u00f1ea? Todo eran impedimentos y hemos querido reflejar que a\u00fan estando atados hay que seguir adelante. Es un grito a la libertad desde una perspectiva muy positiva\u00bb.<\/p>\n<p>Tampoco se dejen llevar por la primera acepci\u00f3n que se les ocurra a la hora de buscar una explicaci\u00f3n para el nombre de la banda. \u00abPuede ser por varios motivos: Que hab\u00eda llegado el d\u00eda de dar un concierto y se necesitaba un nombre, o por la canci\u00f3n de JJ Cale que populariz\u00f3 Eric Clapton, o porque es muy adictivo? Se puede elegir\u00bb.<\/p>\n<p>La formaci\u00f3n parece haberse asentado tras una \u00e9poca de peque\u00f1os vaivenes. Hubo una segunda f\u00e9mina en el grupo, Aintzira, de la familia Gorosabel (Su Ta Gar, EH Sukarra), pero lo abandon\u00f3 despu\u00e9s, encontrando la banda repuesto en el mercado masculino. \u00abDespu\u00e9s del EP, en el 2003, entr\u00f3 como guitarrista Ain-tzira, aunque s\u00f3lo estuvo con nosotros unos seis meses. Iker (Julio Kageta, Dan-tzut, PAM) fue quien se anim\u00f3 a coger su puesto, y desde el primer d\u00eda pareci\u00f3 que llevaba a\u00f1os tocando con nosotros\u00bb.<\/p>\n<p>Con este nuevo disco los guipuzcoanos parecen haber relajado sus \u00edmpetus, macerando un poco m\u00e1s las canciones. Seguro que Rafa Rueda ha tenido buena culpa de ello. El acompa\u00f1ante de Txuma Murugarren sobre los escenarios y due\u00f1o de una incipiente carrera en solitario ha sido, con la ayuda de uno de sus socios en \u00a8L.T. (Xenpe), el encargado de limpiar, pulir y dar esplendor al nuevo trabajo de estudio de los eibartarras.<\/p>\n<p>\u00abQuiz\u00e1s en nuestro primer EP Rafa suaviz\u00f3 un poco al grupo, pero en esta ocasi\u00f3n hemos trabajado m\u00e1s relajados. Despu\u00e9s de hacer una escucha de este nuevo CD se nota que somos un grupo m\u00e1s s\u00f3lido, como si estuviera justificado que hayamos esperado dos a\u00f1os para editarlo. En cuanto al sonido hemos logrado plasmar lo que quer\u00edamos transmitir, con canciones mejor hiladas y redondas. Hay m\u00e1s distorsi\u00f3n, es m\u00e1s din\u00e1mico y m\u00e1s directo. Nos vemos muy bien reflejados\u00bb.<\/p>\n<p>Es f\u00e1cil dejarse enganchar por esta colecci\u00f3n de canciones entonadas en euskera, sin necesidades de cambio idiom\u00e1tico (\u00abNos sentimos c\u00f3modos con nuestro idioma, podemos expresar lo que sentimos con total naturalidad\u00bb). La cantante Zaloa Urain sigue imprimiendo su fuerte personalidad a la hora de vocalizar, mostr\u00e1ndose disfrutable cuando camina tranquila (Heldu, Errurik gabeko gezurra) o cuando toca repartir ca\u00f1a rabiosa (Nik nahi nuke, Gora begiratzean). Y puestos a aventurarnos, Berrehun gezur, Agurra y Non? deber\u00edan ser los pr\u00f3ximos singles, si nuestro min\u00fasculo mercado discogr\u00e1fico funcionara como sus hermanos mayores y lanzara varias andanadas promocionales de cada CD.<\/p>\n<p>Kokein siguen sonando contundentes como anta\u00f1o, con cierta grandiosidad bien asimilada heredada de, por ejemplo, Pearl Jam y su rock afectado. Pero no hablamos de seguir a pie juntillas los patrones de la banda de Eddie Vedder, sino de marcarle algunas pautas y gu\u00edas al que no conozca c\u00f3mo se las gastan estos chavales. La discograf\u00eda casera de Kokein nos demuestra su variedad de gustos.<\/p>\n<p>\u00abA la hora de escuchar m\u00fasica nos diferenciamos en varias direcciones: desde rock a thrash metal y desde pop a funk. \u00daltimamente hemos disfrutado, por ejemplo, con The Mars Volta\u00bb.<\/p>\n<p>Las letras de todas y cada una de estas composiciones musicales agrupadas en el nuevo CD se pueden encontrar en el libreto interior, elaborado por Enrike Laborda, y en la recientemente remozada web del grupo www.kokein.com. En este segundo espacio podr\u00e1s visualizar tambi\u00e9n fotos de sus actuaciones y sesiones, la lista de futuros conciertos?<\/p>\n<p>Lotuta egon arren, la canci\u00f3n que da titulo al disco, tiene tambi\u00e9n su videoclip (incluido en esta entrega y dirigido por Haimar Olaskoaga e I\u00f1aki Beraetxe). Un espacio auditivo-visual que reafirma los cimientos de la idea de autonom\u00eda ya comentada. \u00abLa intenci\u00f3n es darle unas im\u00e1genes a la m\u00fasica que haces para que quien compre el CD tenga un extra aparte de la m\u00fasica. \u00a1Y a\u00fan teni\u00e9ndolo en el CD muchos no lo ven! Quer\u00edamos mostrar que la m\u00fasica es nuestra libertad y montamos una gran fiesta con amigos mientras toc\u00e1bamos, compartiendo nuestra libertad con todo el mundo\u00bb.<\/p>\n<p>A esa fiesta invitar\u00edan, a buen seguro, a m\u00e1s de un m\u00fasico local con el que habr\u00e1n coincidido en conciertos y tabernas, furgonetas y pruebas de sonido. \u00abMuchos grupos se han convertido en amigos (\u00a8L.T., Eraso!, Zea Mays?). Puede que te guste musicalmente el grupo, pero a veces no es lo m\u00e1s importante\u00bb.<\/p>\n<p>Con ellos, al calor de unos zuritos, habr\u00e1n tratado sobre esa hipot\u00e9tica pobreza creativa musical que asola nuestro territorio en estos d\u00edas, idea recogida en la propia hoja de promoci\u00f3n que esta banda reparte. \u00abGrupos no faltan y creatividad tampoco. Quiz\u00e1 resulta m\u00e1s dif\u00edcil sorprender hoy en d\u00eda, pero no hay que tirar la toalla por eso. Aqu\u00ed hay nivel, teniendo en cuenta el espacio concreto en el que vivimos. Lo que ocurre es que hay mucha oferta y poca demanda\u00bb.<\/p>\n<p>Claro que uno de los medicamentos para combatir ese mal son las actuaciones. Y eso no le va a faltar a este quinteto. Elizondo, Zaldibar, Getaria y Bilbo le siguen en el listado de previsiones a la cita donostiarra de hoy. \u00abPor ahora ya tenemos fechas hasta mediados de marzo. Hemos entrado en una din\u00e1mica de tocar casi todas las semanas y eso es importante a la hora de dar a conocer tu disco\u00bb.<\/p>\n<p>Un trabajo que, sin prisa pero sin pausa, va tumb\u00e1ndose cada d\u00eda en las baldas de m\u00e1s y m\u00e1s hogares. \u00abNo somos un grupo de grandes ventas por el momento, pero parece que la gente est\u00e1 respondiendo. Esperamos superar la cantidad de copias vendidas respecto al disco anterior, por ser un disco m\u00e1s completo. Pero ya se ver\u00e1\u00bb.<\/p>\n","protected":false},"excerpt":{"rendered":"<p>**Madurez** Rev\u00e1lida de los rockeros de Eibar, ahora con CD grande y un miembro m\u00e1s en el grupo. La presentan esta misma noche en la antigua Casa del Guarda del donostiarra monte Urgull Con un arranque m\u00e1s cl\u00e1sico y rockero que en sus inicios e igual de dispuestos a patearse medio mundo (\u00aben breve vamos &hellip; <\/p>\n<p class=\"link-more\"><a href=\"https:\/\/kokein.com\/en\/hemeroteka\/diario-vasco-madurez-2005-28-01\/\" class=\"more-link\">Read more<span class=\"screen-reader-text\"> &#8220;DVORAME Madurez&#8221;<\/span><\/a><\/p>\n","protected":false},"author":1,"featured_media":0,"parent":327,"menu_order":0,"comment_status":"open","ping_status":"open","template":"page-templates\/page_fullwidth.php","meta":{"footnotes":""},"class_list":["post-321","page","type-page","status-publish","hentry"],"_links":{"self":[{"href":"https:\/\/kokein.com\/en\/wp-json\/wp\/v2\/pages\/321","targetHints":{"allow":["GET"]}}],"collection":[{"href":"https:\/\/kokein.com\/en\/wp-json\/wp\/v2\/pages"}],"about":[{"href":"https:\/\/kokein.com\/en\/wp-json\/wp\/v2\/types\/page"}],"author":[{"embeddable":true,"href":"https:\/\/kokein.com\/en\/wp-json\/wp\/v2\/users\/1"}],"replies":[{"embeddable":true,"href":"https:\/\/kokein.com\/en\/wp-json\/wp\/v2\/comments?post=321"}],"version-history":[{"count":1,"href":"https:\/\/kokein.com\/en\/wp-json\/wp\/v2\/pages\/321\/revisions"}],"predecessor-version":[{"id":333,"href":"https:\/\/kokein.com\/en\/wp-json\/wp\/v2\/pages\/321\/revisions\/333"}],"up":[{"embeddable":true,"href":"https:\/\/kokein.com\/en\/wp-json\/wp\/v2\/pages\/327"}],"wp:attachment":[{"href":"https:\/\/kokein.com\/en\/wp-json\/wp\/v2\/media?parent=321"}],"curies":[{"name":"wp","href":"https:\/\/api.w.org\/{rel}","templated":true}]}}