{"id":322,"date":"2012-01-19T00:00:00","date_gmt":"2012-01-18T23:00:00","guid":{"rendered":"http:\/\/f.kokein.com\/deia-puesta-en-largo\/"},"modified":"2016-10-25T16:47:39","modified_gmt":"2016-10-25T15:47:39","slug":"deia-puesta-en-largo","status":"publish","type":"page","link":"https:\/\/kokein.com\/en\/hemeroteka\/deia-puesta-en-largo\/","title":{"rendered":"KOKEIN Puesta De Largo"},"content":{"rendered":"<p>Son de Eibar, se formaron hace un lustro, van camino de la treintena y acaban de estrenarse con un larga duraci\u00f3n, Lotuta egon arren, tras publicar un ep con Gaztelupeko Hotsak. Kokein, quinteto liderado por la voz dotada de Zaloa, sigue atado al rock clasicista, con un pie en los setenta y otro en el grunge de los a\u00f1os noventa.<\/p>\n<p>Kokein, cuyo nombre remite a Cocain, la canci\u00f3n por la que pelean J. J. Cale y Eric Clapton, es un grupo con tablas, como demuestra su primer larga duraci\u00f3n. Los chavales se han mostrado firmes a algunos cambios en su formaci\u00f3n, con Aintzira Gorosabel entrando y saliendo del grupo, y se han curtido en el directo con alrededor de 70 conciertos. En **Lotuta egon arren** destaca la voz poderosa y sobrada de la guapa Zaloa, y sobre todo, al de nuestra Aurora Beltr\u00e1n en cortes como **Nik nahi nuke** y **Berrehun gezur**. Ella lidera un repertorio que se mueve entre el rock cl\u00e1sico setentero y el grunge alternativo, adem\u00e1s de baladas. Un debut s\u00f3lido para un grupo sin demasiada competencia en su estilo<\/p>\n","protected":false},"excerpt":{"rendered":"<p>Son de Eibar, se formaron hace un lustro, van camino de la treintena y acaban de estrenarse con un larga duraci\u00f3n, Lotuta egon arren, tras publicar un ep con Gaztelupeko Hotsak. Kokein, quinteto liderado por la voz dotada de Zaloa, sigue atado al rock clasicista, con un pie en los setenta y otro en el &hellip; <\/p>\n<p class=\"link-more\"><a href=\"https:\/\/kokein.com\/en\/hemeroteka\/deia-puesta-en-largo\/\" class=\"more-link\">Read more<span class=\"screen-reader-text\"> &#8220;KOKEIN Puesta De Largo&#8221;<\/span><\/a><\/p>\n","protected":false},"author":1,"featured_media":0,"parent":327,"menu_order":0,"comment_status":"open","ping_status":"open","template":"page-templates\/page_fullwidth.php","meta":{"footnotes":""},"class_list":["post-322","page","type-page","status-publish","hentry"],"_links":{"self":[{"href":"https:\/\/kokein.com\/en\/wp-json\/wp\/v2\/pages\/322","targetHints":{"allow":["GET"]}}],"collection":[{"href":"https:\/\/kokein.com\/en\/wp-json\/wp\/v2\/pages"}],"about":[{"href":"https:\/\/kokein.com\/en\/wp-json\/wp\/v2\/types\/page"}],"author":[{"embeddable":true,"href":"https:\/\/kokein.com\/en\/wp-json\/wp\/v2\/users\/1"}],"replies":[{"embeddable":true,"href":"https:\/\/kokein.com\/en\/wp-json\/wp\/v2\/comments?post=322"}],"version-history":[{"count":1,"href":"https:\/\/kokein.com\/en\/wp-json\/wp\/v2\/pages\/322\/revisions"}],"predecessor-version":[{"id":336,"href":"https:\/\/kokein.com\/en\/wp-json\/wp\/v2\/pages\/322\/revisions\/336"}],"up":[{"embeddable":true,"href":"https:\/\/kokein.com\/en\/wp-json\/wp\/v2\/pages\/327"}],"wp:attachment":[{"href":"https:\/\/kokein.com\/en\/wp-json\/wp\/v2\/media?parent=322"}],"curies":[{"name":"wp","href":"https:\/\/api.w.org\/{rel}","templated":true}]}}