{"id":2241,"date":"2019-12-13T09:16:23","date_gmt":"2019-12-13T08:16:23","guid":{"rendered":"https:\/\/kokein.com\/?page_id=2241"},"modified":"2022-11-14T10:32:18","modified_gmt":"2022-11-14T09:32:18","slug":"itzalak","status":"publish","type":"page","link":"https:\/\/kokein.com\/es\/itzalak\/","title":{"rendered":"Lera"},"content":{"rendered":"<p>Han pasado dos d\u00e9cadas sin apenas tener consciencia de ello. El \u00fanico motivo s\u00f3lo puede ser la pasi\u00f3n, qu\u00e9 sino? Porque tal dedicaci\u00f3n no se la ofrecer\u00edas a ninguna otra cosa: y no solamente se la ofreces, sino que se la das. Comienza como una referencia hasta que acaba siendo tu preferencia, por encima de casi todo. Si alguna vez hemos dejado de lado vivencias que se supone que deber\u00edamos haber vivido, ha sido por esto, por la banda, por Kokein. Y por eso ahora, para celebrar los cuatro lustros que llevamos juntos hemos preparado dos canciones nuevas. Para celebrar todo lo que hemos ganado.<\/p>\n<p><iframe loading=\"lazy\"  id=\"_ytid_96629\"  width=\"950\" height=\"534\"  data-origwidth=\"950\" data-origheight=\"534\" src=\"https:\/\/www.youtube.com\/embed\/HIX77QHp9so?enablejsapi=1&#038;autoplay=0&#038;cc_load_policy=0&#038;cc_lang_pref=&#038;iv_load_policy=1&#038;loop=0&#038;rel=1&#038;fs=1&#038;playsinline=0&#038;autohide=2&#038;hl=es_ES&#038;theme=dark&#038;color=red&#038;controls=1&#038;disablekb=0&#038;\" class=\"__youtube_prefs__  epyt-is-override  no-lazyload\" title=\"YouTube player\"  allow=\"fullscreen; accelerometer; autoplay; clipboard-write; encrypted-media; gyroscope; picture-in-picture; web-share\" referrerpolicy=\"strict-origin-when-cross-origin\" allowfullscreen data-no-lazy=\"1\" data-skipgform_ajax_framebjll=\"\"><\/iframe><\/p>","protected":false},"excerpt":{"rendered":"<p>Han pasado dos d\u00e9cadas sin apenas tener consciencia de ello. El \u00fanico motivo s\u00f3lo puede ser la pasi\u00f3n, qu\u00e9 sino? Porque tal dedicaci\u00f3n no se la ofrecer\u00edas a ninguna otra cosa: y no solamente se la ofreces, sino que se la das. Comienza como una referencia hasta que acaba siendo tu preferencia, por encima de &hellip; <\/p>\n<p class=\"link-more\"><a href=\"https:\/\/kokein.com\/es\/itzalak\/\" class=\"more-link\">Leer m\u00e1s<span class=\"screen-reader-text\"> \u00abLera\u00bb<\/span><\/a><\/p>\n","protected":false},"author":1,"featured_media":0,"parent":0,"menu_order":2,"comment_status":"closed","ping_status":"closed","template":"","meta":{"footnotes":""},"class_list":["post-2241","page","type-page","status-publish","hentry"],"_links":{"self":[{"href":"https:\/\/kokein.com\/es\/wp-json\/wp\/v2\/pages\/2241","targetHints":{"allow":["GET"]}}],"collection":[{"href":"https:\/\/kokein.com\/es\/wp-json\/wp\/v2\/pages"}],"about":[{"href":"https:\/\/kokein.com\/es\/wp-json\/wp\/v2\/types\/page"}],"author":[{"embeddable":true,"href":"https:\/\/kokein.com\/es\/wp-json\/wp\/v2\/users\/1"}],"replies":[{"embeddable":true,"href":"https:\/\/kokein.com\/es\/wp-json\/wp\/v2\/comments?post=2241"}],"version-history":[{"count":5,"href":"https:\/\/kokein.com\/es\/wp-json\/wp\/v2\/pages\/2241\/revisions"}],"predecessor-version":[{"id":2262,"href":"https:\/\/kokein.com\/es\/wp-json\/wp\/v2\/pages\/2241\/revisions\/2262"}],"wp:attachment":[{"href":"https:\/\/kokein.com\/es\/wp-json\/wp\/v2\/media?parent=2241"}],"curies":[{"name":"wp","href":"https:\/\/api.w.org\/{rel}","templated":true}]}}