{"id":2411,"date":"2022-10-13T15:14:33","date_gmt":"2022-10-13T14:14:33","guid":{"rendered":"https:\/\/kokein.com\/?page_id=2411"},"modified":"2024-11-11T13:02:22","modified_gmt":"2024-11-11T12:02:22","slug":"atomika","status":"publish","type":"page","link":"https:\/\/kokein.com\/es\/atomika\/","title":{"rendered":"Atomika &#8211; diska berria"},"content":{"rendered":"<p>KOKEIN At\u00f3mica (2022, CD\/LP\/Digital)<\/p>\n<p>AT\u00d3MICA, s\u00e9ptima referencia de nuestra discograf\u00eda. En este disco de 8 canciones hemos explorado nuevos caminos y sonidos, tal y como hemos visto y escuchado en la canci\u00f3n del progreso al mirar al espejo.<br \/>\nEl disco se publicar\u00e1 f\u00edsicamente en formato CD y LP y estar\u00e1 disponible en todas las plataformas.<\/p>\n<p>Ritxi Ostariz ha sido el encargado de la portada y dise\u00f1o del disco. Ella ha sido la que ha dado imagen al esp\u00edritu de ATOMIKA.<br \/>\nPor su parte, la fot\u00f3grafa zumaiana Eva Franco ha aunado perfectamente el grupo con ATOMIKA llevando la idea del disco un paso m\u00e1s all\u00e1.<\/p>\n<p>La portada del disco y la lista de canciones es la siguiente:<\/p>\n<p>01. Argirik Gabe Dantzan<br \/>\n02. Ispiluari Begiratzean ft Kiliki Frexko (Chill Mafia)<br \/>\n03. Unea ft Juanjo Ezpalak<br \/>\n04. Ferpektua<br \/>\n05. Eztanda ft Miren Narbaiza<br \/>\n06. Esan<br \/>\n07. Handiena<br \/>\n08. Kamelien Dama<br \/>\n<\/p>","protected":false},"excerpt":{"rendered":"<p>KOKEIN At\u00f3mica (2022, CD\/LP\/Digital) AT\u00d3MICA, s\u00e9ptima referencia de nuestra discograf\u00eda. En este disco de 8 canciones hemos explorado nuevos caminos y sonidos, tal y como hemos visto y escuchado en la canci\u00f3n del progreso al mirar al espejo. El disco se publicar\u00e1 f\u00edsicamente en formato CD y LP y estar\u00e1 disponible en todas las plataformas. &hellip; <\/p>\n<p class=\"link-more\"><a href=\"https:\/\/kokein.com\/es\/atomika\/\" class=\"more-link\">Leer m\u00e1s<span class=\"screen-reader-text\"> \u00abAtomika &#8211; diska berria\u00bb<\/span><\/a><\/p>\n","protected":false},"author":1,"featured_media":0,"parent":0,"menu_order":2,"comment_status":"closed","ping_status":"closed","template":"","meta":{"footnotes":""},"class_list":["post-2411","page","type-page","status-publish","hentry"],"_links":{"self":[{"href":"https:\/\/kokein.com\/es\/wp-json\/wp\/v2\/pages\/2411","targetHints":{"allow":["GET"]}}],"collection":[{"href":"https:\/\/kokein.com\/es\/wp-json\/wp\/v2\/pages"}],"about":[{"href":"https:\/\/kokein.com\/es\/wp-json\/wp\/v2\/types\/page"}],"author":[{"embeddable":true,"href":"https:\/\/kokein.com\/es\/wp-json\/wp\/v2\/users\/1"}],"replies":[{"embeddable":true,"href":"https:\/\/kokein.com\/es\/wp-json\/wp\/v2\/comments?post=2411"}],"version-history":[{"count":7,"href":"https:\/\/kokein.com\/es\/wp-json\/wp\/v2\/pages\/2411\/revisions"}],"predecessor-version":[{"id":2737,"href":"https:\/\/kokein.com\/es\/wp-json\/wp\/v2\/pages\/2411\/revisions\/2737"}],"wp:attachment":[{"href":"https:\/\/kokein.com\/es\/wp-json\/wp\/v2\/media?parent=2411"}],"curies":[{"name":"wp","href":"https:\/\/api.w.org\/{rel}","templated":true}]}}