{"id":320,"date":"2012-01-19T00:00:00","date_gmt":"2012-01-18T23:00:00","guid":{"rendered":"http:\/\/f.kokein.com\/deia-28-01-2005-para-hacer-el-disco-nos-hemos-puesto-en-el-lugar-del-publico\/"},"modified":"2016-10-25T16:47:26","modified_gmt":"2016-10-25T15:47:26","slug":"deia-28-01-2005-para-hacer-el-disco-nos-hemos-puesto-en-el-lugar-del-publico","status":"publish","type":"page","link":"https:\/\/kokein.com\/es\/hemeroteka\/deia-28-01-2005-para-hacer-el-disco-nos-hemos-puesto-en-el-lugar-del-publico\/","title":{"rendered":"DEIA Para hacer el disco nos hemos puesto en el lugar del publico"},"content":{"rendered":"<p>Para hacer el disco nos hemos puesto en el lugar del publico<\/p>\n<p>KOKEIN<br \/>\nBanda rockera de Eibar que esta noche act\u00faa en el Guardetxea de Donostia<\/p>\n<p>**SE ESTRENARON con un miniCD hace un par de a\u00f1os, aunando rock y sentimiento. Con una estil\u00edstica plural, los eibartarras Kokein se han convertido en una de las formaciones m\u00e1s activas de los escenarios de Euskal Herria. Sugerentes, en\u00e9rgicos y comprometidos socialmente, se muestran en su primer largo, \u00abLotuta egon arren\u00bb. Zaloa, Txitxes, Iker, Jatsu y Haritz Lete actuan esta noche en el Guardetxe donostiarra. El baquetero Lete nos acerca al planeta Kokein.**<\/p>\n<p>**Tras el deslumbrante miniCD, este nuevo trabajo se ha hecho esperar.**<\/p>\n<p>S\u00ed, la verdad es que ya nos lo hab\u00edan comentado. Algunas canciones ya las ten\u00edamos compuestas hace tiempo, pero entre directos, ensayos, preproducciones y eso&#8230; Pero no pensamos que se nos ha pasado el tiempo; ahora era el momento.<\/p>\n<p>**Del cuarteto inicial hab\u00e9is pasado a quinteto con la incorporaci\u00f3n de Iker, el nuevo guitarrista.**<\/p>\n<p>Despu\u00e9s de la grabaci\u00f3n del primer mini, ve\u00edamos que el grupo necesitaba m\u00e1s base, otra guitarra. Y estuvo con nosotros Aintzira Gorosabel durante seis meses, hasta agosto. En septiembre hablamos con Iker, y desde que entr\u00f3 parec\u00eda que llevaba a\u00f1os con nosotros. Conect\u00f3 a la perfeccion.<\/p>\n<p>**\u00bfQu\u00e9 ha pesado m\u00e1s en la evoluci\u00f3n sonora, la intensa agenda de conciertos o el apoyo t\u00e9cnico de Rafa Rueda y Xanpe?**<\/p>\n<p>Un poco las dos cosas. Ahora somos mejores ejecutantes, los conciertos nos han dado seguridad y mayor conexi\u00f3n entre nosotros. Piensa que hemos dado con el primer disco entre 60 y 70 directos, y eso se nota. Con Rafa y Xanpe ten\u00edamos un voto a favor, nos conocemos y ya sab\u00edamos lo que quer\u00edamos.<\/p>\n<p>**Hablando de la grabaci\u00f3n, \u00bfllevabais los temas muy preparados?**<\/p>\n<p>Algunos temas ya ven\u00edan de antes, incluso los hab\u00edamos probado en directo. A la hora de currar en el local de ensayo, a diferencia del anterior, nos hemos escuchado a nosotros mismos. Nos hemos grabado, y esa es la gran diferencia, que nos ha servido de mucho, porque te pones en la parte del oyente. Este disco tiene canciones m\u00e1s directas, m\u00e1s frescas, con m\u00e1s \u00abfeeling\u00bb. El primero era m\u00e1s intimo, aunque los dos tienen gran carga de sentimiento.<\/p>\n<p>**Ahora contagi\u00e1is intensidad.**<\/p>\n<p>Yo lo siento como m\u00e1s m\u00edo. En el anterior hay mucho espacio, hay mucho aire. En el nuevo vamos m\u00e1s en bloque, nos contagiamos los unos a los otros. Y es que todav\u00eda nos divertimos mucho, ahora que tenemos bastantes conciertos, adem\u00e1s de ensayar el repertorio nos dedicamos a hacer versiones, a sacar temas nuevos; queremos disfrutar.<\/p>\n<p>**Defend\u00e9is un rock que a veces se antoja cl\u00e1sico y otras alternativo. \u00bfEs producto de lo que escuch\u00e1is, de las influencias?**<\/p>\n<p>En el disco hay temas muy diferentes, sobre todo r\u00edtmicamente. Las influencias son inevitables, pero somos cinco personalidades y lo que hacemos es una mezcla de lo que escuchamos. Abarcamos entre los cinco un abanico muy grande de propuestas, desde lo m\u00e1s oscuro a lo m\u00e1s contundente. En el album hay cosas que me pueden sonar a U2 , a Pearl Jam, a Incubus.<\/p>\n<p>**\u00bfPor d\u00f3nde va la tem\u00e1tica de los textos, responden al toque er\u00f3tico de la portada?**<\/p>\n<p>Sobre todo hemos querido lanzar un grito a la libertad. El cierre de Egunkaria, del gaztetxe de Iru\u00f1a, la criminalizacion de los grupos euskaldunes&#8230; Hemos abogado pelear por lo nuestro, por lo que queremos. La idea de la portada es la met\u00e1fora que se va desarrollando en el interior de la carpeta, un cuerpo atado por cuerdas que se va desatando&#8230; Desarrolla el concepto del anterior trabajo.<\/p>\n<p>Jon Landau (Donostia)<\/p>\n","protected":false},"excerpt":{"rendered":"<p>Para hacer el disco nos hemos puesto en el lugar del publico KOKEIN Banda rockera de Eibar que esta noche act\u00faa en el Guardetxea de Donostia **SE ESTRENARON con un miniCD hace un par de a\u00f1os, aunando rock y sentimiento. Con una estil\u00edstica plural, los eibartarras Kokein se han convertido en una de las formaciones &hellip; <\/p>\n<p class=\"link-more\"><a href=\"https:\/\/kokein.com\/es\/hemeroteka\/deia-28-01-2005-para-hacer-el-disco-nos-hemos-puesto-en-el-lugar-del-publico\/\" class=\"more-link\">Leer m\u00e1s<span class=\"screen-reader-text\"> \u00abDEIA Para hacer el disco nos hemos puesto en el lugar del publico\u00bb<\/span><\/a><\/p>\n","protected":false},"author":1,"featured_media":0,"parent":327,"menu_order":0,"comment_status":"open","ping_status":"open","template":"page-templates\/page_fullwidth.php","meta":{"footnotes":""},"class_list":["post-320","page","type-page","status-publish","hentry"],"_links":{"self":[{"href":"https:\/\/kokein.com\/es\/wp-json\/wp\/v2\/pages\/320","targetHints":{"allow":["GET"]}}],"collection":[{"href":"https:\/\/kokein.com\/es\/wp-json\/wp\/v2\/pages"}],"about":[{"href":"https:\/\/kokein.com\/es\/wp-json\/wp\/v2\/types\/page"}],"author":[{"embeddable":true,"href":"https:\/\/kokein.com\/es\/wp-json\/wp\/v2\/users\/1"}],"replies":[{"embeddable":true,"href":"https:\/\/kokein.com\/es\/wp-json\/wp\/v2\/comments?post=320"}],"version-history":[{"count":1,"href":"https:\/\/kokein.com\/es\/wp-json\/wp\/v2\/pages\/320\/revisions"}],"predecessor-version":[{"id":332,"href":"https:\/\/kokein.com\/es\/wp-json\/wp\/v2\/pages\/320\/revisions\/332"}],"up":[{"embeddable":true,"href":"https:\/\/kokein.com\/es\/wp-json\/wp\/v2\/pages\/327"}],"wp:attachment":[{"href":"https:\/\/kokein.com\/es\/wp-json\/wp\/v2\/media?parent=320"}],"curies":[{"name":"wp","href":"https:\/\/api.w.org\/{rel}","templated":true}]}}