{"id":368,"date":"2016-11-10T17:06:05","date_gmt":"2016-11-10T16:06:05","guid":{"rendered":"http:\/\/kokein.com\/?page_id=368"},"modified":"2016-11-17T15:49:43","modified_gmt":"2016-11-17T14:49:43","slug":"gaur","status":"publish","type":"page","link":"https:\/\/kokein.com\/es\/diskografia\/lurpekharia\/gaur\/","title":{"rendered":"03. Larruak"},"content":{"rendered":"<p>ZURE IZERDI USAIAREN GURARIA DUT GAUR<br \/>\nI\u00d1OIZ BAINO GEHIAGO,<br \/>\nAZAL LEUNAREN HURBILTASUNAK<br \/>\nSEXU GRI\u00d1A ASETZEKO.<\/p>\n<p>DESIOAREN ESKUETAN JAUZI EGI\u00d1EZ<br \/>\nUNEAREN EROMENAK KISKALDU ARTE.<\/p>\n<p>URTU, BILUZTU, DESIRA GAITEZEN<br \/>\nGERORIK EZ BALEGO BEZALA,<br \/>\nGORPUTZEN ZIRRARA SENTITZEKO<br \/>\nMOMENTU ORO.<\/p>\n<p>DESIOAREN ESKUETAN JAUZI EGI\u00d1EZ<br \/>\nUNEAREN ZORAMENAK EROTU ARTE.<\/p>\n<p>ERRE,ERRE,<br \/>\nLARRUA ERRE.<br \/>\nERRE,ERRE,<br \/>\nIZERDIZ ERRE.<br \/>\nERRE,ERRE,<br \/>\nELKAR ERRE.<br \/>\nERRE,ERRE,<br \/>\nDENA ERRE.<\/p>\n","protected":false},"excerpt":{"rendered":"<p>ZURE IZERDI USAIAREN GURARIA DUT GAUR I\u00d1OIZ BAINO GEHIAGO, AZAL LEUNAREN HURBILTASUNAK SEXU GRI\u00d1A ASETZEKO. DESIOAREN ESKUETAN JAUZI EGI\u00d1EZ UNEAREN EROMENAK KISKALDU ARTE. URTU, BILUZTU, DESIRA GAITEZEN GERORIK EZ BALEGO BEZALA, GORPUTZEN ZIRRARA SENTITZEKO MOMENTU ORO. DESIOAREN ESKUETAN JAUZI EGI\u00d1EZ UNEAREN ZORAMENAK EROTU ARTE. ERRE,ERRE, LARRUA ERRE. ERRE,ERRE, IZERDIZ ERRE. ERRE,ERRE, ELKAR ERRE. ERRE,ERRE, DENA &hellip; <\/p>\n<p class=\"link-more\"><a href=\"https:\/\/kokein.com\/es\/diskografia\/lurpekharia\/gaur\/\" class=\"more-link\">Leer m\u00e1s<span class=\"screen-reader-text\"> \u00ab03. Larruak\u00bb<\/span><\/a><\/p>\n","protected":false},"author":1,"featured_media":0,"parent":367,"menu_order":7,"comment_status":"closed","ping_status":"closed","template":"","meta":{"footnotes":""},"class_list":["post-368","page","type-page","status-publish","hentry"],"_links":{"self":[{"href":"https:\/\/kokein.com\/es\/wp-json\/wp\/v2\/pages\/368","targetHints":{"allow":["GET"]}}],"collection":[{"href":"https:\/\/kokein.com\/es\/wp-json\/wp\/v2\/pages"}],"about":[{"href":"https:\/\/kokein.com\/es\/wp-json\/wp\/v2\/types\/page"}],"author":[{"embeddable":true,"href":"https:\/\/kokein.com\/es\/wp-json\/wp\/v2\/users\/1"}],"replies":[{"embeddable":true,"href":"https:\/\/kokein.com\/es\/wp-json\/wp\/v2\/comments?post=368"}],"version-history":[{"count":3,"href":"https:\/\/kokein.com\/es\/wp-json\/wp\/v2\/pages\/368\/revisions"}],"predecessor-version":[{"id":508,"href":"https:\/\/kokein.com\/es\/wp-json\/wp\/v2\/pages\/368\/revisions\/508"}],"up":[{"embeddable":true,"href":"https:\/\/kokein.com\/es\/wp-json\/wp\/v2\/pages\/367"}],"wp:attachment":[{"href":"https:\/\/kokein.com\/es\/wp-json\/wp\/v2\/media?parent=368"}],"curies":[{"name":"wp","href":"https:\/\/api.w.org\/{rel}","templated":true}]}}