{"id":523,"date":"2016-11-22T14:08:53","date_gmt":"2016-11-22T13:08:53","guid":{"rendered":"http:\/\/kokein.com\/?page_id=523"},"modified":"2016-11-22T14:15:00","modified_gmt":"2016-11-22T13:15:00","slug":"bio","status":"publish","type":"page","link":"https:\/\/kokein.com\/es\/bio\/","title":{"rendered":"Trayectoria"},"content":{"rendered":"<p>A\u00f1o 1999, los d\u00edas se suceden sin que nada suceda. Hartos del destino trenzado por las helanderas del aburrimiento, esquivos al destino ya marcado, tras compartir horas de hast\u00edo donde el unico relleno parece hablar de m\u00fasica aparece como comod\u00edn la frase !hay que hacerlo!. Y ya se sabe del dicho al hecho un trecho. Asi que crearon el siguiente ejemplo: si un automovil sale de A y otro de B \u00bfPor qu\u00e9 no ir todos en autob\u00fas? Con todo esto empezaron a tontear poco a poco Jatsu, Txitxes, Zaloa y Fory y apresuradamente pausados fueron juntando cosas que cada uno trajo de la plaza del mercado. Hicieron una merendola que es una maqueta de cinco temas, la cual pasado el tiempo asusta pero no intimida. Sufrieron un cambio en el grupo; el bater\u00eda (Fory) tras hacer un pacto con sat\u00e1n les abandona.<\/p>\n<p>Tras un peque\u00f1o impi\u00e9s se une Lete a la merienda. Aprovecharon las leyes de la gravedad y grabaron otra maqueta con la que conectaron con Gaztelupeko Hotsak recibiendo apoyo simult\u00e1neo. Buscaron entre todos un c\u00f3mo, un cu\u00e1ndo y un porqu\u00e9. En esto pasan dos a\u00f1os, hasta el 2002, donde conectan con Rafa PiLT que les ayuda a desempa\u00f1ar su ya ahumado objetivo. Para comenzar grabaron un single. Despu\u00e9s puntualizaron un plan de trabajo con vistas a lo que actualmente es un disco con 6 temas.<\/p>\n<p>Desde entonces, comenzamron a dar conciertos para presentar su primer trabajo. Ofrecieron alrededor de 70 conciertos, en donde tuvieron un gran apoyo; felicidad y tristeza al mismo tiempo.<\/p>\n<p>A principios del 2003 Aintzira se uni\u00f3 a la merendola como quinta integrante y de esa manera se convirtieron en quinteto hasta hartarse de bebida y comida. Desgraciadamente Aintzira en agosto se saci\u00f3. Volvieron a ser un cuarteto de nuevo pero por poco tiempo, ya que pudieron volver a contar con los dedos de las manos a los cinco comensales cuando Iker se uni\u00f3 a la fiesta. En seguida se sintieron como si llev\u00e1ran a\u00f1os merendando juntos y comenzaron a preparar lo que ser\u00eda su siguiente trabajo. Se pasaron el verano del 2004 entre micr\u00f3fonos y grabadores junto con Xanpe y Rafa y as\u00ed, a modo de postre hicieron &#8216;Lotuta Egon Arren&#8217; (Gaztelupeko Hotsak 2004). Una recopilaci\u00f3n de canciones en la que la solidez del grupo queda garantizada con canciones m\u00e1s trabajadas y rockeras.<\/p>","protected":false},"excerpt":{"rendered":"<p>A\u00f1o 1999, los d\u00edas se suceden sin que nada suceda. Hartos del destino trenzado por las helanderas del aburrimiento, esquivos al destino ya marcado, tras compartir horas de hast\u00edo donde el unico relleno parece hablar de m\u00fasica aparece como comod\u00edn la frase !hay que hacerlo!. Y ya se sabe del dicho al hecho un trecho. &hellip; <\/p>\n<p class=\"link-more\"><a href=\"https:\/\/kokein.com\/es\/bio\/\" class=\"more-link\">Leer m\u00e1s<span class=\"screen-reader-text\"> \u00abTrayectoria\u00bb<\/span><\/a><\/p>\n","protected":false},"author":1,"featured_media":0,"parent":0,"menu_order":7,"comment_status":"closed","ping_status":"closed","template":"page-templates\/page_fullwidth.php","meta":{"footnotes":""},"class_list":["post-523","page","type-page","status-publish","hentry"],"_links":{"self":[{"href":"https:\/\/kokein.com\/es\/wp-json\/wp\/v2\/pages\/523","targetHints":{"allow":["GET"]}}],"collection":[{"href":"https:\/\/kokein.com\/es\/wp-json\/wp\/v2\/pages"}],"about":[{"href":"https:\/\/kokein.com\/es\/wp-json\/wp\/v2\/types\/page"}],"author":[{"embeddable":true,"href":"https:\/\/kokein.com\/es\/wp-json\/wp\/v2\/users\/1"}],"replies":[{"embeddable":true,"href":"https:\/\/kokein.com\/es\/wp-json\/wp\/v2\/comments?post=523"}],"version-history":[{"count":1,"href":"https:\/\/kokein.com\/es\/wp-json\/wp\/v2\/pages\/523\/revisions"}],"predecessor-version":[{"id":524,"href":"https:\/\/kokein.com\/es\/wp-json\/wp\/v2\/pages\/523\/revisions\/524"}],"wp:attachment":[{"href":"https:\/\/kokein.com\/es\/wp-json\/wp\/v2\/media?parent=523"}],"curies":[{"name":"wp","href":"https:\/\/api.w.org\/{rel}","templated":true}]}}