{"id":60,"date":"2016-10-24T14:46:28","date_gmt":"2016-10-24T13:46:28","guid":{"rendered":"http:\/\/f.kokein.com\/?page_id=60"},"modified":"2025-09-17T11:26:49","modified_gmt":"2025-09-17T10:26:49","slug":"kokein","status":"publish","type":"page","link":"https:\/\/kokein.com\/es\/diskografia\/kokein\/","title":{"rendered":"Kokein"},"content":{"rendered":"<p>&nbsp;<\/p>\n<div id=\"ccchildpages-3\" class=\"ccchildpages ccflex  simple ccclearfix\"><ul class=\"ccchildpages_list ccclearfix\"><li class=\"page_item page-item-94\"><a href=\"https:\/\/kokein.com\/es\/diskografia\/kokein\/01-zutaz-oroitzen\/\">01.Zutaz oroitzen<\/a><\/li>\n<li class=\"page_item page-item-99\"><a href=\"https:\/\/kokein.com\/es\/diskografia\/kokein\/02-loak-harturik\/\">02.Loak harturik<\/a><\/li>\n<li class=\"page_item page-item-95\"><a href=\"https:\/\/kokein.com\/es\/diskografia\/kokein\/03-plazer-galduaren-bila\/\">03.Plazer galduaren bila<\/a><\/li>\n<li class=\"page_item page-item-98\"><a href=\"https:\/\/kokein.com\/es\/diskografia\/kokein\/04-365-egun\/\">04.365 egun<\/a><\/li>\n<li class=\"page_item page-item-97\"><a href=\"https:\/\/kokein.com\/es\/diskografia\/kokein\/05-argazki-batean-tatuatua\/\">05.Argazki batean tatuatua<\/a><\/li>\n<li class=\"page_item page-item-96\"><a href=\"https:\/\/kokein.com\/es\/diskografia\/kokein\/06-hitz-goxo-haiek\/\">06.Hitz goxo haiek<\/a><\/li><\/ul><\/div>\n<p>Garate (Andoain), julio\/agosto 2002<\/p>\n<p>Jatsu: guitarra y bajo.<br \/>\nZaloa: voz.<br \/>\nTxitxes: bajo, guitarra y coros.<br \/>\nLete:bater\u00eda y coros.<br \/>\nRafa Rueda: producci\u00f3n art\u00edstica.<\/p>\n<p>E.p. presentaci\u00f3n con el que estrenan su discograf\u00eda. La producci\u00f3n art\u00edstica ha corrido a cargo de Rafa Rueda que ha sido un miembro m\u00e1s a la hora de los arreglos. Por parte de la gente de PILT tambi\u00e9n han tenido m\u00e1s colaboraci\u00f3n: Xanpe fue el encargado de la digitalizaci\u00f3n y Haritz Harreguy colabor\u00f3 en las mezclas. En el CD se puede encontrar el videoclip del tema Zutaz Oroitzen.<\/p>\n<p>&nbsp;<\/p>\n<p>[widgets_on_pages id=1]<\/p>","protected":false},"excerpt":{"rendered":"<p>&nbsp; Garate (Andoain), julio\/agosto 2002 Jatsu: guitarra y bajo. Zaloa: voz. Txitxes: bajo, guitarra y coros. Lete:bater\u00eda y coros. Rafa Rueda: producci\u00f3n art\u00edstica. E.p. presentaci\u00f3n con el que estrenan su discograf\u00eda. La producci\u00f3n art\u00edstica ha corrido a cargo de Rafa Rueda que ha sido un miembro m\u00e1s a la hora de los arreglos. Por parte &hellip; <\/p>\n<p class=\"link-more\"><a href=\"https:\/\/kokein.com\/es\/diskografia\/kokein\/\" class=\"more-link\">Leer m\u00e1s<span class=\"screen-reader-text\"> \u00abKokein\u00bb<\/span><\/a><\/p>\n","protected":false},"author":1,"featured_media":0,"parent":48,"menu_order":32,"comment_status":"closed","ping_status":"closed","template":"","meta":{"footnotes":""},"class_list":["post-60","page","type-page","status-publish","hentry"],"_links":{"self":[{"href":"https:\/\/kokein.com\/es\/wp-json\/wp\/v2\/pages\/60","targetHints":{"allow":["GET"]}}],"collection":[{"href":"https:\/\/kokein.com\/es\/wp-json\/wp\/v2\/pages"}],"about":[{"href":"https:\/\/kokein.com\/es\/wp-json\/wp\/v2\/types\/page"}],"author":[{"embeddable":true,"href":"https:\/\/kokein.com\/es\/wp-json\/wp\/v2\/users\/1"}],"replies":[{"embeddable":true,"href":"https:\/\/kokein.com\/es\/wp-json\/wp\/v2\/comments?post=60"}],"version-history":[{"count":33,"href":"https:\/\/kokein.com\/es\/wp-json\/wp\/v2\/pages\/60\/revisions"}],"predecessor-version":[{"id":3451,"href":"https:\/\/kokein.com\/es\/wp-json\/wp\/v2\/pages\/60\/revisions\/3451"}],"up":[{"embeddable":true,"href":"https:\/\/kokein.com\/es\/wp-json\/wp\/v2\/pages\/48"}],"wp:attachment":[{"href":"https:\/\/kokein.com\/es\/wp-json\/wp\/v2\/media?parent=60"}],"curies":[{"name":"wp","href":"https:\/\/api.w.org\/{rel}","templated":true}]}}